{"id":6130,"date":"2022-08-29T16:47:48","date_gmt":"2022-08-29T14:47:48","guid":{"rendered":"https:\/\/skissernasmuseum.se\/?page_id=6130"},"modified":"2026-01-16T10:31:48","modified_gmt":"2026-01-16T09:31:48","slug":"skissernas-museum","status":"publish","type":"page","link":"https:\/\/skissernasmuseum.se\/en\/about\/skissernas-museum\/","title":{"rendered":"Skissernas Museum"},"content":{"rendered":"\n<p><strong>Skissernas Museum&nbsp;\u2013 Museum of Artistic Process and Public Art&nbsp;is a unique art museum that focuses on the artistic creative process. It features the world\u2019s largest collection of sketches, models and preparatory work for Swedish and international public art.<\/strong><\/p>\n\n\n\n<p>The large exhibition rooms hold modern and contemporary art \u2013 from small pencil drawings to colourful, monumental paintings and large-scale plaster sculptures. There are sketches by international artists such as Barbara Hepworth, Henri Matisse, Sonia Delaunay, Henry Moore and Fernand L\u00e9ger, and one of Europe\u2019s foremost collections of sketches by Mexican monumental painters such as Diego Rivera and David Alfaro Siqueiros. The Swedish Gallery exhibits works by Sigrid Hjert\u00e9n, Isaac Gr\u00fcnewald and Siri Derkert and contemporary artists such as Linn Fernstr\u00f6m, Gerhard Nordstr\u00f6m and Matthias van Arkel. In addition to the permanent exhibitions, the museum presents a series of new temporary exhibitions every year, featuring both contemporary and earlier artists. In addition, a rich and varied program is on offer for children, teens and adults with guided tours, artist talks, lectures, concerts, performances, creative workshops and much more. The museum also has an extensive image and clip archives on public art from Swedish and international newspapers and magazines from the 1930s until today.<\/p>\n\n\n\n<p><strong>Skissernas Museum \u2013 Museum of Artistic Process and Public Art was the Swedish Museum of the Year 2019 with following motivation:<br><br><\/strong><em>&#8220;With accessibility and sustainability in focus, Skissernas Museum has changed both building, content and working methods. It shows evidence of what an innovative and strategic holistic perspective looks like in theory and practice.&#8221;<\/em>The Swedish International Council of Museums (Svenska ICOM) and the Swedish Museums association (Sveriges Museer) stand behind the award.<\/p>\n\n\n\n<p>The museum, which was founded in 1934 and is part of Lund University, today consists of connected buildings from six different periods. The most recent extension, designed by Elding Oscarson, gave the museum a new fa\u00e7ade towards the museum\u2019s sculpture park with a new entrance, museum shop and restaurant to welcome visitors. The same architects are responsible for the covered inner courtyard, converted into the Birgit Rausing Hall, which is used as a meeting place for various events and functions in the new museum.&nbsp;<a href=\"https:\/\/skissernasmuseum.se\/en\/the-museums-history\/\" data-type=\"page\" data-id=\"7002\">Read more about the museum\u2019s history.<\/a><\/p>\n\n\n\n<p><\/p>\n","protected":false},"excerpt":{"rendered":"<p>Skissernas Museum&nbsp;\u2013 Museum of Artistic Process and Public Art&nbsp;is a unique art museum that focuses on the artistic creative process. It features the world\u2019s largest collection of sketches, models and &#8230;<\/p>\n","protected":false},"author":2,"featured_media":0,"parent":6153,"menu_order":0,"comment_status":"closed","ping_status":"closed","template":"","meta":{"_acf_changed":false,"footnotes":""},"class_list":["post-6130","page","type-page","status-publish","hentry"],"acf":{"page_gallery":[6437]},"_links":{"self":[{"href":"https:\/\/skissernasmuseum.se\/en\/wp-json\/wp\/v2\/pages\/6130","targetHints":{"allow":["GET"]}}],"collection":[{"href":"https:\/\/skissernasmuseum.se\/en\/wp-json\/wp\/v2\/pages"}],"about":[{"href":"https:\/\/skissernasmuseum.se\/en\/wp-json\/wp\/v2\/types\/page"}],"author":[{"embeddable":true,"href":"https:\/\/skissernasmuseum.se\/en\/wp-json\/wp\/v2\/users\/2"}],"replies":[{"embeddable":true,"href":"https:\/\/skissernasmuseum.se\/en\/wp-json\/wp\/v2\/comments?post=6130"}],"version-history":[{"count":6,"href":"https:\/\/skissernasmuseum.se\/en\/wp-json\/wp\/v2\/pages\/6130\/revisions"}],"predecessor-version":[{"id":12897,"href":"https:\/\/skissernasmuseum.se\/en\/wp-json\/wp\/v2\/pages\/6130\/revisions\/12897"}],"up":[{"embeddable":true,"href":"https:\/\/skissernasmuseum.se\/en\/wp-json\/wp\/v2\/pages\/6153"}],"acf:attachment":[{"embeddable":true,"href":"https:\/\/skissernasmuseum.se\/en\/wp-json\/wp\/v2\/media\/6437"}],"wp:attachment":[{"href":"https:\/\/skissernasmuseum.se\/en\/wp-json\/wp\/v2\/media?parent=6130"}],"curies":[{"name":"wp","href":"https:\/\/api.w.org\/{rel}","templated":true}]}}