{"id":6137,"date":"2022-09-02T15:21:59","date_gmt":"2022-09-02T13:21:59","guid":{"rendered":"https:\/\/skissernasmuseum.se\/?page_id=6137"},"modified":"2025-12-01T11:08:33","modified_gmt":"2025-12-01T10:08:33","slug":"press","status":"publish","type":"page","link":"https:\/\/skissernasmuseum.se\/en\/press\/","title":{"rendered":"Press"},"content":{"rendered":"\n<h2 class=\"wp-block-heading\">Press releases and press images<\/h2>\n\n\n\n<p><strong>Welcome to the museum&#8217;s press room. Here you will find links to the latest press releases and press images for our current exhibitions. For copyright reasons, the creator must be credited alongside each image upon publication. The images may only be used in reviews and articles related to the current exhibitions. More of the museum&#8217;s press images can be found below.<\/strong><\/p>\n\n\n\n<p><br><strong>For questions please contact:<\/strong><br><br><strong>Katarina Lilliequist<\/strong>,&nbsp;<em>Public Relations Officer<\/em><br>Phone:&nbsp;<a href=\"tel:0046 (0)46 222 17 56\">+46 (0)46 222 17 56<\/a><br>Email:&nbsp;<a href=\"mailto:katarina.lilliequist@skissernasmuseum.lu.se\">katarina.lilliequist@skissernasmuseum.lu.se<\/a><\/p>\n\n\n\n<hr class=\"wp-block-separator has-alpha-channel-opacity\"\/>\n\n\n\n<p>2025 4 December \u2013 2026 3 May <a href=\"https:\/\/lu.box.com\/s\/7xjwymyyypqoqaltkjzsrqsiei8vk6kp\" data-type=\"link\" data-id=\"https:\/\/lu.box.com\/s\/7xjwymyyypqoqaltkjzsrqsiei8vk6kp\">Coded Threads<\/a> <br><br>2025 30 August \u201328 September <a href=\"https:\/\/lu.box.com\/s\/m12w548379y0sgw56v5p364c8p5icgiz\" data-type=\"link\" data-id=\"https:\/\/lu.box.com\/s\/sieuqbiqpoq7z5pwfkfwy915jdeh8xis\">Visiting: Master\u2019s students from Malm\u00f6 Art Academy<\/a><br><br>2025 27 June \u2013 24 August: <a href=\"https:\/\/lu.box.com\/s\/sieuqbiqpoq7z5pwfkfwy915jdeh8xis\" data-type=\"link\" data-id=\"https:\/\/lu.box.com\/s\/sieuqbiqpoq7z5pwfkfwy915jdeh8xis\">Anonymouse <\/a><\/p>\n\n\n\n<p>2025 5 June \u2013 2 November: <a href=\"https:\/\/lu.box.com\/s\/x5gkz75fb7jsr938xnle7w0xukfudwfe\" data-type=\"link\" data-id=\"https:\/\/lu.box.com\/s\/x5gkz75fb7jsr938xnle7w0xukfudwfe\">EvaMarie Lindahl The Museum Fauna \u2013 Lost Tails and Unheard Stories of Resistance<\/a><\/p>\n\n\n\n<p>2024 October\u201320 April 2025: <a href=\"https:\/\/lu.box.com\/s\/rk183249rd2wzinxwip7m8y4pyqxllal\" data-type=\"link\" data-id=\"https:\/\/lu.box.com\/s\/rk183249rd2wzinxwip7m8y4pyqxllal\">Gunilla Klingberg WRINGWRENCHWHIRLWEAVE<\/a><\/p>\n\n\n\n<p>2024&nbsp;<a href=\"https:\/\/lu.box.com\/s\/bir76j05u13id2jrf3i0nlnrgiab5dfw\">Arkitektskolan 60+ UnFold<\/a> (press release in Swedish)<\/p>\n\n\n\n<p>2024 <a href=\"https:\/\/lu.box.com\/s\/r3hygnocm5cq050opgi2rayb2mhhynj4\">&nbsp;Fredrik Strid \u2013 Making Nature<\/a> (press release in Swedish)<\/p>\n\n\n\n<p>2023 September 12&nbsp;<a href=\"https:\/\/lu.box.com\/s\/p1qsy7swnarvwa6qrq696m07u2cedq4v\">Come as you are! \u2026and other acquisitions<\/a> &nbsp;(press release in Swedish).<\/p>\n\n\n\n<p>2022 September 29 :&nbsp;<a rel=\"noreferrer noopener\" href=\"https:\/\/lu.box.com\/s\/51i3krbx92qfiammsv5ypq89kwgbrxrw\" target=\"_blank\">Coronasamlingen \u2013 Statens konstr\u00e5ds nyf\u00f6rv\u00e4rv 2021<\/a><\/p>\n\n\n\n<p>2022 April 1:&nbsp;<a href=\"https:\/\/lu.box.com\/s\/fs0kev21kwdzj495srzgbtluat85tr4z\">The Return of Finsta<\/a><\/p>\n\n\n\n<p>2021 April 29<a href=\"https:\/\/lu.box.com\/s\/mcvej0q1lajquu79r7kj8vnpqmvnw0un\">&nbsp;Andreas Eriksson 10 juni \u2013 10 oktober 2021<\/a><\/p>\n\n\n\n<p>2020 Nov 5:&nbsp;<a href=\"https:\/\/lu.box.com\/s\/3z6gzuiel6c13i2yc8pea29x59b3qjrh\">Charlotte Gyllenhammar \u2013 kastad\/cast<\/a><\/p>\n\n\n\n<p>2020 May 29:&nbsp;<a href=\"https:\/\/lu.box.com\/s\/2gvh4uxfu5biu9bm1zpbw3z401rlkzr6\">Jockum Nordstr\u00f6m \u2013 Utan lykta | Without Lantern<\/a><br><\/p>\n\n\n\n<hr class=\"wp-block-separator has-alpha-channel-opacity\"\/>\n\n\n\n<p><strong>The Museum<\/strong><\/p>\n\n\n\n<p>Download images of the museum&nbsp;<a rel=\"noreferrer noopener\" href=\"https:\/\/lu.box.com\/s\/16vmei12jkactxsc9gomwlp88fhhq8ly\" target=\"_blank\">here<\/a>, where you will also find captions and copyright.<\/p>\n\n\n\n<p><strong>Museum Director<\/strong><\/p>\n\n\n\n<p>Download images&nbsp;<a rel=\"noreferrer noopener\" href=\"https:\/\/lu.box.com\/s\/kazkn2enk9lutvfhod76hoslrwetly9r\" target=\"_blank\">here<\/a>, where you will also find a document with &nbsp;captions and copyright.<\/p>\n\n\n\n<p><\/p>\n","protected":false},"excerpt":{"rendered":"<p>Press releases and press images Welcome to the museum&#8217;s press room. Here you will find links to the latest press releases and press images for our current exhibitions. For copyright &#8230;<\/p>\n","protected":false},"author":2,"featured_media":0,"parent":0,"menu_order":0,"comment_status":"closed","ping_status":"closed","template":"","meta":{"_acf_changed":false,"footnotes":""},"class_list":["post-6137","page","type-page","status-publish","hentry"],"acf":{"page_gallery":""},"_links":{"self":[{"href":"https:\/\/skissernasmuseum.se\/en\/wp-json\/wp\/v2\/pages\/6137","targetHints":{"allow":["GET"]}}],"collection":[{"href":"https:\/\/skissernasmuseum.se\/en\/wp-json\/wp\/v2\/pages"}],"about":[{"href":"https:\/\/skissernasmuseum.se\/en\/wp-json\/wp\/v2\/types\/page"}],"author":[{"embeddable":true,"href":"https:\/\/skissernasmuseum.se\/en\/wp-json\/wp\/v2\/users\/2"}],"replies":[{"embeddable":true,"href":"https:\/\/skissernasmuseum.se\/en\/wp-json\/wp\/v2\/comments?post=6137"}],"version-history":[{"count":22,"href":"https:\/\/skissernasmuseum.se\/en\/wp-json\/wp\/v2\/pages\/6137\/revisions"}],"predecessor-version":[{"id":12738,"href":"https:\/\/skissernasmuseum.se\/en\/wp-json\/wp\/v2\/pages\/6137\/revisions\/12738"}],"wp:attachment":[{"href":"https:\/\/skissernasmuseum.se\/en\/wp-json\/wp\/v2\/media?parent=6137"}],"curies":[{"name":"wp","href":"https:\/\/api.w.org\/{rel}","templated":true}]}}